{"id":2792,"date":"2024-05-31T10:09:06","date_gmt":"2024-05-31T10:09:06","guid":{"rendered":"https:\/\/casasilvestre.pt\/?page_id=2792"},"modified":"2024-06-21T12:01:07","modified_gmt":"2024-06-21T12:01:07","slug":"politica-de-cookies","status":"publish","type":"page","link":"https:\/\/casasilvestre.pt\/index.php\/politica-de-cookies\/","title":{"rendered":"Pol\u00edtica de Cookies"},"content":{"rendered":"\n<h2 class=\"wp-block-heading\">O que \u00e9 um <em>Cookie<\/em>?<\/h2>\n\n\n\n<p>Um &#8220;<em>cookie<\/em>&#8221; \u00e9 um arquivo de informa\u00e7\u00e3o que \u00e9 armazenado no disco r\u00edgido do seu computador e que regista a sua navega\u00e7\u00e3o num site para que, quando volta a visitar esse site, possa apresentar op\u00e7\u00f5es personalizadas com base na informa\u00e7\u00e3o armazenada sobre a sua \u00faltima visita. Tamb\u00e9m podemos usar cookies no nosso website para analisar o tr\u00e1fego e para fins publicit\u00e1rios e de marketing, as quais n\u00e3o prejudicam o seu sistema.<\/p>\n\n\n\n<p>Se pretender verificar ou alterar o tipo de <em>cookies<\/em> que aceita, pode faz\u00ea-lo nas defini\u00e7\u00f5es do seu navegador.<\/p>\n\n\n\n<h2 class=\"wp-block-heading\">Como utilizamos os <em>cookies<\/em>?<\/h2>\n\n\n\n<p>Utilizamos <em>cookies<\/em> para fazer duas coisas para rastrear a sua utiliza\u00e7\u00e3o do nosso site. Tal permite-nos compreender a forma como utiliza o site e rastrear eventuais padr\u00f5es que surjam individualmente ou de grupos maiores, o que nos vai ajudar a desenvolver e melhorar o nosso site e servi\u00e7os em resposta ao que os nossos visitantes querem e necessitam.<\/p>\n\n\n\n<p>Os <em>cookies<\/em> s\u00e3o:<\/p>\n\n\n\n<ul class=\"wp-block-list\">\n<li><strong><u><em>Cookies<\/em> de sess\u00e3o<\/u><\/strong> &#8211; Estes apenas s\u00e3o armazenados no seu computador durante a sua sess\u00e3o web e s\u00e3o automaticamente apagados quando fecha o navegador &#8211; normalmente, armazenam um ID de sess\u00e3o an\u00f3nima permitindo-lhe navegar num site sem ter de iniciar sess\u00e3o em cada p\u00e1gina, mas n\u00e3o recolhem nenhuma informa\u00e7\u00e3o do seu computador; ou<\/li>\n\n\n\n<li><strong><u><em>Cookies<\/em> persistentes<\/u><\/strong> &#8211; S\u00e3o armazenados como um ficheiro no seu computador e mant\u00eam-se quando fecha o seu navegador web. O <em>cookie<\/em> pode ser lido pelo website que o criou quando volta a visitar esse website.<\/li>\n\n\n\n<li><strong><u><em>Cookies<\/em> anal\u00edticos<\/u> &#8211;<\/strong>&nbsp;Estes <em>cookies<\/em> s\u00e3o utilizados para analisar a forma como os utilizadores usam o nosso website. Permitem, por exemplo, monitorizar o desempenho do site conhecendo quais as p\u00e1ginas mais populares ou detetar erros. Estes <em>cookies<\/em> s\u00e3o utilizados apenas para efeitos de an\u00e1lise estat\u00edstica, sem nunca recolher informa\u00e7\u00e3o de car\u00e1cter pessoal. Assim, poderemos procurar fornecer uma experi\u00eancia de maior qualidade e\/ou identificar e corrigir quaisquer problemas que surjam.<\/li>\n\n\n\n<li><strong><u><em>Cookies<\/em> estritamente necess\u00e1rios<\/u><\/strong> &#8211; S\u00e3o essenciais para lhe permitir utilizar o website de forma eficaz, n\u00e3o podem ser desativados. Sem estes <em>cookies<\/em>, os servi\u00e7os que lhe s\u00e3o disponibilizados no website n\u00e3o podem ser prestados. Estes <em>cookies<\/em> n\u00e3o recolhem informa\u00e7\u00e3o sobre si que possa ser utilizada para marketing.<\/li>\n\n\n\n<li><strong><u><em>Cookies<\/em> de desempenho<\/u><\/strong> &#8211; Estes <em>cookies<\/em> permitem-nos monitorizar e melhorar o desempenho do nosso website. Por exemplo, permitem-nos contabilizar as visitas, identificar as fontes de tr\u00e1fego e ver que partes do website s\u00e3o mais populares.<\/li>\n\n\n\n<li><strong><u><em>Cookies<\/em> de funcionalidade<\/u><\/strong> &#8211; Permitem que o nosso website se lembre das escolhas que faz (tais como o seu nome de utilizador, l\u00edngua ou regi\u00e3o onde est\u00e1) e fornecem funcionalidades melhoradas. Por exemplo, poderemos fornecer-lhe not\u00edcias ou atualiza\u00e7\u00f5es pertinentes no nosso website. Estes <em>cookies<\/em> tamb\u00e9m podem ser utilizados para lembrar altera\u00e7\u00f5es que fez ao tamanho do texto, tipo de letra e outras partes das p\u00e1ginas web que pode personalizar. Podem igualmente ser utilizados para prestar servi\u00e7os que solicitou, tais como visualizar um v\u00eddeo. A informa\u00e7\u00e3o que estes <em>cookies<\/em> recolhem \u00e9 normalmente anonimizada.<\/li>\n\n\n\n<li><strong><u><em>Cookies<\/em> de personaliza\u00e7\u00e3o<\/u><\/strong> &#8211; Estes <em>cookies<\/em> s\u00e3o persistentes (enquanto estiver registado connosco) e significam que quando inicia sess\u00e3o ou volta ao website pode ver an\u00fancios similares aos que navegou anteriormente.<\/li>\n<\/ul>\n\n\n\n<p>Em seguida, apresentamos em detalhe a rela\u00e7\u00e3o dos <em>cookies<\/em> utilizados:<\/p>\n\n\n\n<figure class=\"wp-block-table\"><table><tbody><tr><td><strong><em>Cookie<\/em><\/strong><\/td><td><strong>Finalidade<\/strong><\/td><td><strong>Dura\u00e7\u00e3o<\/strong><\/td><\/tr><tr><td><a href=\"https:\/\/cookiedatabase.org\/cookie\/wordpress\/wpemojisettingssupports\/\" target=\"_blank\" rel=\"noreferrer noopener\">wpEmojiSettingsSupports<\/a><\/td><td> Armazenar detalhes de navegador<\/td><td>sess\u00e3o<\/td><\/tr><tr><td><strong>\u00a0<\/strong><a href=\"https:\/\/cookiedatabase.org\/cookie\/wordpress\/wp-settings\/\" target=\"_blank\" rel=\"noreferrer noopener\">wp-settings-*<\/a><\/td><td> Armazenar prefer\u00eancias de utilizador<\/td><td>persistente<\/td><\/tr><tr><td><strong>\u00a0<\/strong><a href=\"https:\/\/cookiedatabase.org\/cookie\/wordpress\/wp-settings-time\/\" target=\"_blank\" rel=\"noreferrer noopener\">wp-settings-time-*<\/a><\/td><td> Armazenar prefer\u00eancias de utilizador<\/td><td>\u00a01 ano<\/td><\/tr><tr><td><strong>\u00a0<\/strong><a href=\"https:\/\/cookiedatabase.org\/cookie\/wordpress\/wordpress_logged_in_\/\" target=\"_blank\" rel=\"noreferrer noopener\">wordpress_logged_in_*<\/a><\/td><td> Manter utilizadores com sess\u00e3o iniciada<\/td><td>\u00a0persistente<\/td><\/tr><tr><td><a href=\"https:\/\/cookiedatabase.org\/cookie\/sourcebuster-js\/sbjs_current\/\" target=\"_blank\" rel=\"noreferrer noopener\">sbjs_current<\/a><\/td><td> Armazenar detalhes de navegador<\/td><td>\u00a06 meses<\/td><\/tr><tr><td>\u00a0<a href=\"https:\/\/cookiedatabase.org\/cookie\/sourcebuster-js\/sbjs_session\/\" target=\"_blank\" rel=\"noreferrer noopener\">sbjs_session<\/a><\/td><td>\u00a0Armazenar detalhes de navegador<\/td><td>\u00a0sess\u00e3o<\/td><\/tr><tr><td>\u00a0<a href=\"https:\/\/cookiedatabase.org\/cookie\/sourcebuster-js\/sbjs_first\/\" target=\"_blank\" rel=\"noreferrer noopener\">sbjs_first<\/a><\/td><td>\u00a0Armazenar detalhes de navegador<\/td><td>\u00a06 meses<\/td><\/tr><tr><td><strong>\u00a0<\/strong><a href=\"https:\/\/cookiedatabase.org\/cookie\/sourcebuster-js\/sbjs_first_add\/\" target=\"_blank\" rel=\"noreferrer noopener\">sbjs_first_add<\/a><\/td><td>\u00a0Armazenar detalhes de navegador<\/td><td>\u00a06 meses<\/td><\/tr><tr><td>\u00a0<a href=\"https:\/\/cookiedatabase.org\/cookie\/sourcebuster-js\/sbjs_migrations\/\" target=\"_blank\" rel=\"noreferrer noopener\">sbjs_migrations<\/a><\/td><td>\u00a0Armazenar detalhes de navegador<\/td><td>\u00a06 meses<\/td><\/tr><tr><td>\u00a0<a href=\"https:\/\/cookiedatabase.org\/cookie\/woocommerce\/woocommerce_cart_hash\/\" target=\"_blank\" rel=\"noreferrer noopener\">woocommerce_cart_hash<\/a><\/td><td>\u00a0Armazenar reservas adicionadas ao carrinho<\/td><td>\u00a01 dia<\/td><\/tr><tr><td><a href=\"https:\/\/cookiedatabase.org\/cookie\/woocommerce\/woocommerce_items_in_cart\/\" target=\"_blank\" rel=\"noreferrer noopener\">woocommerce_items_in_cart<\/a><\/td><td>\u00a0Armazenar reservas adicionadas ao carrinho<\/td><td>sess\u00e3o<\/td><\/tr><tr><td><a href=\"https:\/\/cookiedatabase.org\/cookie\/woocommerce\/wp_woocommerce_session_-2\/\" target=\"_blank\" rel=\"noreferrer noopener\">wp_woocommerce_session_*<\/a><\/td><td>\u00a0Armazenar reservas adicionadas ao carrinho<\/td><td>sess\u00e3o<\/td><\/tr><tr><td><a href=\"https:\/\/cookiedatabase.org\/cookie\/litespeed\/_lscache_vary\/\" target=\"_blank\" rel=\"noreferrer noopener\">_lscache_vary<\/a><\/td><td> Evitar p\u00e1ginas em cache<\/td><td>2 dias<\/td><\/tr><tr><td>Google Fonts API<\/td><td> Carregar tipos de letra<\/td><td>persistente<\/td><\/tr><tr><td>Google Maps API<\/td><td> Exibi\u00e7\u00e3o de Mapas<\/td><td>persistente<\/td><\/tr><tr><td><a href=\"https:\/\/cookiedatabase.org\/cookie\/unknown-service\/sbjs_udata\/\" target=\"_blank\" rel=\"noreferrer noopener\">sbjs_udata<\/a><\/td><td>\u00a0Armazenar detalhes de navegador<\/td><td>6 meses<\/td><\/tr><tr><td><a href=\"https:\/\/cookiedatabase.org\/cookie\/unknown-service\/sbjs_current_add\/\" target=\"_blank\" rel=\"noreferrer noopener\">sbjs_current_add<\/a><\/td><td>\u00a0Armazenar detalhes de navegador<\/td><td>6 meses<\/td><\/tr><tr><td>loftocean_cart<\/td><td>Carrinho<\/td><td>1 m\u00eas<\/td><\/tr><tr><td>wp_lang<\/td><td>L\u00ednguagem do <em>website<\/em><\/td><td>sess\u00e3o<\/td><\/tr><tr><td>cmplz_functional<\/td><td>Gest\u00e3o de Consentimento CMP<\/td><td>1 ano<\/td><\/tr><tr><td>cmplz_preferences<\/td><td>Gest\u00e3o de Consentimento CMP<\/td><td>1 ano<\/td><\/tr><tr><td>cmplz_marketing<\/td><td>Gest\u00e3o de Consentimento CMP<\/td><td>1 ano<\/td><\/tr><tr><td>cmplz_consented_services<\/td><td>Gest\u00e3o de Consentimento CMP<\/td><td>1 ano<\/td><\/tr><\/tbody><\/table><\/figure>\n\n\n\n<h2 class=\"wp-block-heading\">Consentimento<\/h2>\n\n\n\n<p>Nos termos da Lei n.\u00ba 41\/2004 de 18 de agosto, o armazenamento de informa\u00e7\u00f5es e a possibilidade de acesso \u00e0 informa\u00e7\u00e3o armazenada no equipamento terminal de um utilizador (nomeadamente atrav\u00e9s de <em>cookies<\/em>) apenas s\u00e3o realizados pela Casa Silvestre caso o utilizador tenha dado o seu consentimento pr\u00e9vio e expresso \u00e0 instala\u00e7\u00e3o dos <em>cookies<\/em> no seu equipamento, pelo que lhe pedimos, previamente \u00e0 utiliza\u00e7\u00e3o dos websites, que aceite a presente Pol\u00edtica de Privacidade e de <em>Cookies<\/em>.<\/p>\n\n\n\n<h2 class=\"wp-block-heading\">Como posso evitar a utiliza\u00e7\u00e3o de <em>Cookies<\/em> nos websites?<\/h2>\n\n\n\n<p>Assiste ao Cliente o direito de retirar em qualquer momento o consentimento \u00e0 utiliza\u00e7\u00e3o de <em>cookies<\/em> pela Casa Silvestre, eliminando os <em>cookies<\/em> armazenados no seu computador atrav\u00e9s das op\u00e7\u00f5es de configura\u00e7\u00e3o do seu navegador da Internet.<\/p>\n\n\n\n<p>Pode consultar esta informa\u00e7\u00e3o para os principais navegadores da Internet nos seguintes endere\u00e7os:<\/p>\n\n\n\n<ul class=\"wp-block-list\">\n<li><strong>Chrome<\/strong> &#8211; https:\/\/support.google.com\/chrome\/answer\/95647?hl=pt<\/li>\n\n\n\n<li><strong>Explorer<\/strong> &#8211; https:\/\/support.microsoft.com\/pt-pt\/help\/278835\/how-to-delete-cookie-files-in-internet-explorer<\/li>\n\n\n\n<li><strong>Firefox<\/strong> &#8211; https:\/\/support.mozilla.org\/pt-PT\/kb\/ativar-e-desativar-cookies-que-os-websites-utiliza<\/li>\n\n\n\n<li><strong>Safari<\/strong> &#8211; https:\/\/support.apple.com\/kb\/ph5042?locale=pt_PT<\/li>\n<\/ul>\n\n\n\n<p>Finalmente, se desejar ter um maior controlo sobre a instala\u00e7\u00e3o de <em>cookies<\/em>, pode instalar programas ou complementos ao seu navegador, conhecidos como ferramentas de \u201cdo not track\u201d, que lhe permitir\u00e3o escolher os <em>cookies<\/em> que deseja permitir.<\/p>\n\n\n\n<p>Em caso de bloqueio ou n\u00e3o autoriza\u00e7\u00e3o para utiliza\u00e7\u00e3o de <em>cookies<\/em>, n\u00e3o ser\u00e1 armazenada qualquer <em>cookie<\/em> no seu equipamento, mas n\u00e3o est\u00e1 garantido o bom funcionamento do nosso website, n\u00e3o podendo por isso o cliente retirar o m\u00e1ximo benef\u00edcio dos conte\u00fados disponibilizados, sendo que, em cada novo acesso ao website, ser-lhe-\u00e1 sempre solicitada autoriza\u00e7\u00e3o para a utiliza\u00e7\u00e3o de <em>cookies<\/em>.<\/p>\n\n\n\n<h2 class=\"wp-block-heading\">Declarar, exercer ou defender direitos<\/h2>\n\n\n\n<p>Poder\u00e1 ser por vezes necess\u00e1rio processarmos dados pessoais e, quando apropriado e em conformidade com as leis e requisitos locais, dados pessoais sens\u00edveis em rela\u00e7\u00e3o ao exerc\u00edcio ou defesa de direitos. O artigo 9.\u00ba, n.\u00ba 2, al\u00ednea f) do RGPD permite este processamento quando este &#8220;for necess\u00e1rio \u00e0 declara\u00e7\u00e3o, ao exerc\u00edcio ou \u00e0 defesa de um direito num processo judicial ou sempre que os tribunais atuem no exerc\u00edcio da sua fun\u00e7\u00e3o jurisdicional&#8221;.<\/p>\n\n\n\n<p>Tal pode surgir, por exemplo, nos casos em que tenhamos a necessidade de obter aconselhamento jur\u00eddico em rela\u00e7\u00e3o a procedimentos legais ou caso sejamos obrigados por lei a conservar ou a divulgar determinada informa\u00e7\u00e3o como parte de um processo jur\u00eddico.<\/p>\n\n\n\n<h2 class=\"wp-block-heading\">Altera\u00e7\u00f5es ao documento<\/h2>\n\n\n\n<p>A Casa Silvestre poder\u00e1 ocasionalmente alterar esta declara\u00e7\u00e3o e a sua Pol\u00edtica de Privacidade para poder refletir a imagem da empresa e o feedback dos clientes. Incentivamos os nossos clientes a reverem periodicamente a nossa Pol\u00edtica de Privacidade, para estarem atualizados acerca de como a Casa Silvestre protege a sua informa\u00e7\u00e3o, sem preju\u00edzo de o informarmos sempre que ocorram altera\u00e7\u00f5es relevantes na nossa Pol\u00edtica de Privacidade.<\/p>\n","protected":false},"excerpt":{"rendered":"<p>O que \u00e9 um Cookie? Um &#8220;cookie&#8221; \u00e9 um arquivo de informa\u00e7\u00e3o que \u00e9 armazenado no disco r\u00edgido do seu computador e que regista a sua navega\u00e7\u00e3o num site para que, quando volta a visitar esse site, possa apresentar op\u00e7\u00f5es personalizadas com base na informa\u00e7\u00e3o armazenada sobre a sua \u00faltima visita. Tamb\u00e9m podemos usar cookies &#8230;<\/p>\n","protected":false},"author":1,"featured_media":0,"parent":0,"menu_order":0,"comment_status":"closed","ping_status":"closed","template":"template-fullwidth.php","meta":{"cozystay_single_page_hide_site_header":"","cozystay_single_page_site_header_source":"","cozystay_single_page_custom_site_header":"0","cozystay_single_page_custom_sticky_site_header":"0","cozystay_single_page_hide_page_title":"","cozystay_single_page_header_section_size":"","cozystay_single_page_header_background_color":"","cozystay_single_page_header_background_position_x":"center","cozystay_single_page_header_background_position_y":"center","cozystay_single_page_header_background_size":"cover","cozystay_single_page_header_background_repeat":"off","cozystay_single_page_header_background_scroll":"on","cozystay_single_page_header_text_color":"","cozystay_single_page_header_show_breadcrumb":"","cozystay_single_page_site_footer_hide_main":"","cozystay_single_custom_site_footer_main_source":"","cozystay_single_custom_site_footer_main":"0","cozystay_single_page_site_footer_hide_above":"","cozystay_single_custom_site_footer_above_source":"","cozystay_single_custom_site_footer_above":"0","cozystay_single_page_site_footer_hide_instagram":"","cozystay_single_page_site_footer_hide_bottom":"","cozystay_single_custom_mobile_menu_source":"","cozystay_single_custom_mobile_menu":"0","cozystay_single_custom_mobile_menu_animation":"","cozystay_single_custom_mobile_menu_width":"","cozystay_single_custom_mobile_menu_custom_width":375,"footnotes":""},"class_list":["post-2792","page","type-page","status-publish","hentry"],"yoast_head":"<!-- This site is optimized with the Yoast SEO plugin v22.8 - https:\/\/yoast.com\/wordpress\/plugins\/seo\/ -->\n<title>Pol\u00edtica de Cookies - Casa Silvestre<\/title>\n<meta name=\"robots\" content=\"index, follow, max-snippet:-1, max-image-preview:large, max-video-preview:-1\" \/>\n<link rel=\"canonical\" href=\"https:\/\/casasilvestre.pt\/index.php\/politica-de-cookies\/\" \/>\n<meta property=\"og:locale\" content=\"pt_PT\" \/>\n<meta property=\"og:type\" content=\"article\" \/>\n<meta property=\"og:title\" content=\"Pol\u00edtica de Cookies - Casa Silvestre\" \/>\n<meta property=\"og:description\" content=\"O que \u00e9 um Cookie? Um &#8220;cookie&#8221; \u00e9 um arquivo de informa\u00e7\u00e3o que \u00e9 armazenado no disco r\u00edgido do seu computador e que regista a sua navega\u00e7\u00e3o num site para que, quando volta a visitar esse site, possa apresentar op\u00e7\u00f5es personalizadas com base na informa\u00e7\u00e3o armazenada sobre a sua \u00faltima visita. Tamb\u00e9m podemos usar cookies ...\" \/>\n<meta property=\"og:url\" content=\"https:\/\/casasilvestre.pt\/index.php\/politica-de-cookies\/\" \/>\n<meta property=\"og:site_name\" content=\"Casa Silvestre\" \/>\n<meta property=\"article:modified_time\" content=\"2024-06-21T12:01:07+00:00\" \/>\n<meta name=\"twitter:card\" content=\"summary_large_image\" \/>\n<meta name=\"twitter:label1\" content=\"Tempo estimado de leitura\" \/>\n\t<meta name=\"twitter:data1\" content=\"7 minutos\" \/>\n<script type=\"application\/ld+json\" class=\"yoast-schema-graph\">{\"@context\":\"https:\/\/schema.org\",\"@graph\":[{\"@type\":\"WebPage\",\"@id\":\"https:\/\/casasilvestre.pt\/index.php\/politica-de-cookies\/\",\"url\":\"https:\/\/casasilvestre.pt\/index.php\/politica-de-cookies\/\",\"name\":\"Pol\u00edtica de Cookies - Casa Silvestre\",\"isPartOf\":{\"@id\":\"https:\/\/casasilvestre.pt\/#website\"},\"datePublished\":\"2024-05-31T10:09:06+00:00\",\"dateModified\":\"2024-06-21T12:01:07+00:00\",\"breadcrumb\":{\"@id\":\"https:\/\/casasilvestre.pt\/index.php\/politica-de-cookies\/#breadcrumb\"},\"inLanguage\":\"pt-PT\",\"potentialAction\":[{\"@type\":\"ReadAction\",\"target\":[\"https:\/\/casasilvestre.pt\/index.php\/politica-de-cookies\/\"]}]},{\"@type\":\"BreadcrumbList\",\"@id\":\"https:\/\/casasilvestre.pt\/index.php\/politica-de-cookies\/#breadcrumb\",\"itemListElement\":[{\"@type\":\"ListItem\",\"position\":1,\"name\":\"In\u00edcio\",\"item\":\"https:\/\/casasilvestre.pt\/\"},{\"@type\":\"ListItem\",\"position\":2,\"name\":\"Pol\u00edtica de Cookies\"}]},{\"@type\":\"WebSite\",\"@id\":\"https:\/\/casasilvestre.pt\/#website\",\"url\":\"https:\/\/casasilvestre.pt\/\",\"name\":\"Casa Silvestre\",\"description\":\"\",\"publisher\":{\"@id\":\"https:\/\/casasilvestre.pt\/#organization\"},\"potentialAction\":[{\"@type\":\"SearchAction\",\"target\":{\"@type\":\"EntryPoint\",\"urlTemplate\":\"https:\/\/casasilvestre.pt\/?s={search_term_string}\"},\"query-input\":\"required name=search_term_string\"}],\"inLanguage\":\"pt-PT\"},{\"@type\":\"Organization\",\"@id\":\"https:\/\/casasilvestre.pt\/#organization\",\"name\":\"Casa Silvestre\",\"url\":\"https:\/\/casasilvestre.pt\/\",\"logo\":{\"@type\":\"ImageObject\",\"inLanguage\":\"pt-PT\",\"@id\":\"https:\/\/casasilvestre.pt\/#\/schema\/logo\/image\/\",\"url\":\"https:\/\/casasilvestre.pt\/wp-content\/uploads\/2023\/03\/Logotipo.webp\",\"contentUrl\":\"https:\/\/casasilvestre.pt\/wp-content\/uploads\/2023\/03\/Logotipo.webp\",\"width\":1000,\"height\":1000,\"caption\":\"Casa Silvestre\"},\"image\":{\"@id\":\"https:\/\/casasilvestre.pt\/#\/schema\/logo\/image\/\"}}]}<\/script>\n<!-- \/ Yoast SEO plugin. -->","yoast_head_json":{"title":"Pol\u00edtica de Cookies - Casa Silvestre","robots":{"index":"index","follow":"follow","max-snippet":"max-snippet:-1","max-image-preview":"max-image-preview:large","max-video-preview":"max-video-preview:-1"},"canonical":"https:\/\/casasilvestre.pt\/index.php\/politica-de-cookies\/","og_locale":"pt_PT","og_type":"article","og_title":"Pol\u00edtica de Cookies - Casa Silvestre","og_description":"O que \u00e9 um Cookie? Um &#8220;cookie&#8221; \u00e9 um arquivo de informa\u00e7\u00e3o que \u00e9 armazenado no disco r\u00edgido do seu computador e que regista a sua navega\u00e7\u00e3o num site para que, quando volta a visitar esse site, possa apresentar op\u00e7\u00f5es personalizadas com base na informa\u00e7\u00e3o armazenada sobre a sua \u00faltima visita. Tamb\u00e9m podemos usar cookies ...","og_url":"https:\/\/casasilvestre.pt\/index.php\/politica-de-cookies\/","og_site_name":"Casa Silvestre","article_modified_time":"2024-06-21T12:01:07+00:00","twitter_card":"summary_large_image","twitter_misc":{"Tempo estimado de leitura":"7 minutos"},"schema":{"@context":"https:\/\/schema.org","@graph":[{"@type":"WebPage","@id":"https:\/\/casasilvestre.pt\/index.php\/politica-de-cookies\/","url":"https:\/\/casasilvestre.pt\/index.php\/politica-de-cookies\/","name":"Pol\u00edtica de Cookies - Casa Silvestre","isPartOf":{"@id":"https:\/\/casasilvestre.pt\/#website"},"datePublished":"2024-05-31T10:09:06+00:00","dateModified":"2024-06-21T12:01:07+00:00","breadcrumb":{"@id":"https:\/\/casasilvestre.pt\/index.php\/politica-de-cookies\/#breadcrumb"},"inLanguage":"pt-PT","potentialAction":[{"@type":"ReadAction","target":["https:\/\/casasilvestre.pt\/index.php\/politica-de-cookies\/"]}]},{"@type":"BreadcrumbList","@id":"https:\/\/casasilvestre.pt\/index.php\/politica-de-cookies\/#breadcrumb","itemListElement":[{"@type":"ListItem","position":1,"name":"In\u00edcio","item":"https:\/\/casasilvestre.pt\/"},{"@type":"ListItem","position":2,"name":"Pol\u00edtica de Cookies"}]},{"@type":"WebSite","@id":"https:\/\/casasilvestre.pt\/#website","url":"https:\/\/casasilvestre.pt\/","name":"Casa Silvestre","description":"","publisher":{"@id":"https:\/\/casasilvestre.pt\/#organization"},"potentialAction":[{"@type":"SearchAction","target":{"@type":"EntryPoint","urlTemplate":"https:\/\/casasilvestre.pt\/?s={search_term_string}"},"query-input":"required name=search_term_string"}],"inLanguage":"pt-PT"},{"@type":"Organization","@id":"https:\/\/casasilvestre.pt\/#organization","name":"Casa Silvestre","url":"https:\/\/casasilvestre.pt\/","logo":{"@type":"ImageObject","inLanguage":"pt-PT","@id":"https:\/\/casasilvestre.pt\/#\/schema\/logo\/image\/","url":"https:\/\/casasilvestre.pt\/wp-content\/uploads\/2023\/03\/Logotipo.webp","contentUrl":"https:\/\/casasilvestre.pt\/wp-content\/uploads\/2023\/03\/Logotipo.webp","width":1000,"height":1000,"caption":"Casa Silvestre"},"image":{"@id":"https:\/\/casasilvestre.pt\/#\/schema\/logo\/image\/"}}]}},"_links":{"self":[{"href":"https:\/\/casasilvestre.pt\/index.php\/wp-json\/wp\/v2\/pages\/2792"}],"collection":[{"href":"https:\/\/casasilvestre.pt\/index.php\/wp-json\/wp\/v2\/pages"}],"about":[{"href":"https:\/\/casasilvestre.pt\/index.php\/wp-json\/wp\/v2\/types\/page"}],"author":[{"embeddable":true,"href":"https:\/\/casasilvestre.pt\/index.php\/wp-json\/wp\/v2\/users\/1"}],"replies":[{"embeddable":true,"href":"https:\/\/casasilvestre.pt\/index.php\/wp-json\/wp\/v2\/comments?post=2792"}],"version-history":[{"count":5,"href":"https:\/\/casasilvestre.pt\/index.php\/wp-json\/wp\/v2\/pages\/2792\/revisions"}],"predecessor-version":[{"id":2939,"href":"https:\/\/casasilvestre.pt\/index.php\/wp-json\/wp\/v2\/pages\/2792\/revisions\/2939"}],"wp:attachment":[{"href":"https:\/\/casasilvestre.pt\/index.php\/wp-json\/wp\/v2\/media?parent=2792"}],"curies":[{"name":"wp","href":"https:\/\/api.w.org\/{rel}","templated":true}]}}